{"id":106,"date":"2020-10-12T16:16:30","date_gmt":"2020-10-12T16:16:30","guid":{"rendered":"https:\/\/vs-nussdorfamattersee.at\/?page_id=106"},"modified":"2022-09-03T09:57:37","modified_gmt":"2022-09-03T09:57:37","slug":"covid-19-info","status":"publish","type":"page","link":"https:\/\/vs-nussdorfamattersee.at\/?page_id=106","title":{"rendered":"COVID 19 Info"},"content":{"rendered":"\n<h4 class=\"wp-block-heading\">Schulbeginn 2022\/23<\/h4>\n\n\n<div class=\"wp-block-image\">\n<figure class=\"aligncenter size-full\"><img loading=\"lazy\" decoding=\"async\" width=\"921\" height=\"289\" src=\"https:\/\/vs-nussdorfamattersee.at\/wp-content\/uploads\/2022\/09\/Schulbeginn2223.jpg\" alt=\"\" class=\"wp-image-514\" srcset=\"https:\/\/vs-nussdorfamattersee.at\/wp-content\/uploads\/2022\/09\/Schulbeginn2223.jpg 921w, https:\/\/vs-nussdorfamattersee.at\/wp-content\/uploads\/2022\/09\/Schulbeginn2223-300x94.jpg 300w, https:\/\/vs-nussdorfamattersee.at\/wp-content\/uploads\/2022\/09\/Schulbeginn2223-768x241.jpg 768w\" sizes=\"(max-width: 921px) 100vw, 921px\" \/><figcaption>Quelle: https:\/\/www.bmbwf.gv.at\/Themen\/schule\/beratung\/corona\/sichereschule.html<\/figcaption><\/figure><\/div>\n\n\n<hr class=\"wp-block-separator has-css-opacity is-style-wide\"\/>\n\n\n\n<h4 class=\"wp-block-heading\"><mark style=\"background-color:rgba(0, 0, 0, 0)\" class=\"has-inline-color has-vivid-red-color\"><a href=\"https:\/\/vs-nussdorfamattersee.at\/wp-content\/uploads\/2022\/01\/BRIEF_HBM_ElternvetreterInnen_Impfinfo.pdf\">Elternbrief Impfinformation 17.01.22<\/a><\/mark><\/h4>\n\n\n\n<hr class=\"wp-block-separator has-css-opacity is-style-wide\"\/>\n\n\n\n<h4 class=\"wp-block-heading\">Flowflex-Selbsttest<\/h4>\n\n\n\n<figure class=\"wp-block-embed is-type-video is-provider-youtube wp-block-embed-youtube wp-embed-aspect-16-9 wp-has-aspect-ratio\"><div class=\"wp-block-embed__wrapper\">\n<iframe loading=\"lazy\" title=\"Antigen-Selbsttests f\u00fcr Sch\u00fclerinnen und Sch\u00fcler der Sekundarstufe I \u2013 Flowflex\" width=\"750\" height=\"422\" src=\"https:\/\/www.youtube.com\/embed\/5RkbKqy1b8k?feature=oembed\" frameborder=\"0\" allow=\"accelerometer; autoplay; clipboard-write; encrypted-media; gyroscope; picture-in-picture\" allowfullscreen><\/iframe>\n<\/div><\/figure>\n\n\n\n<h4 class=\"wp-block-heading\">Alles sp\u00fclt &#8211; PCR Tests ab J\u00e4nner<\/h4>\n\n\n\n<figure class=\"wp-block-embed is-type-video is-provider-youtube wp-block-embed-youtube wp-embed-aspect-16-9 wp-has-aspect-ratio\"><div class=\"wp-block-embed__wrapper\">\n<iframe loading=\"lazy\" title=\"Alles sp\u00fclt \u2013 Anleitung zum PCR-Test in der Schule\" width=\"750\" height=\"422\" src=\"https:\/\/www.youtube.com\/embed\/leUbpcclBgg?feature=oembed\" frameborder=\"0\" allow=\"accelerometer; autoplay; clipboard-write; encrypted-media; gyroscope; picture-in-picture\" allowfullscreen><\/iframe>\n<\/div><\/figure>\n\n\n\n<p class=\"has-text-align-center\">Quelle: <a href=\"https:\/\/www.lsr-ooe.gv.at\/home-die-bildungsdirektion\/\">https:\/\/www.lsr-<\/a><a rel=\"noreferrer noopener\" href=\"https:\/\/www.lsr-ooe.gv.at\/home-die-bildungsdirektion\/\" target=\"_blank\">ooe.gv.at\/home-die-bildungsdirektion\/<\/a><\/p>\n","protected":false},"excerpt":{"rendered":"<p>Schulbeginn 2022\/23 Elternbrief Impfinformation 17.01.22 Flowflex-Selbsttest Alles sp\u00fclt &#8211; PCR Tests ab J\u00e4nner Quelle: https:\/\/www.lsr-ooe.gv.at\/home-die-bildungsdirektion\/<\/p>\n","protected":false},"author":1,"featured_media":0,"parent":0,"menu_order":0,"comment_status":"closed","ping_status":"closed","template":"","meta":{"footnotes":""},"_links":{"self":[{"href":"https:\/\/vs-nussdorfamattersee.at\/index.php?rest_route=\/wp\/v2\/pages\/106"}],"collection":[{"href":"https:\/\/vs-nussdorfamattersee.at\/index.php?rest_route=\/wp\/v2\/pages"}],"about":[{"href":"https:\/\/vs-nussdorfamattersee.at\/index.php?rest_route=\/wp\/v2\/types\/page"}],"author":[{"embeddable":true,"href":"https:\/\/vs-nussdorfamattersee.at\/index.php?rest_route=\/wp\/v2\/users\/1"}],"replies":[{"embeddable":true,"href":"https:\/\/vs-nussdorfamattersee.at\/index.php?rest_route=%2Fwp%2Fv2%2Fcomments&post=106"}],"version-history":[{"count":44,"href":"https:\/\/vs-nussdorfamattersee.at\/index.php?rest_route=\/wp\/v2\/pages\/106\/revisions"}],"predecessor-version":[{"id":516,"href":"https:\/\/vs-nussdorfamattersee.at\/index.php?rest_route=\/wp\/v2\/pages\/106\/revisions\/516"}],"wp:attachment":[{"href":"https:\/\/vs-nussdorfamattersee.at\/index.php?rest_route=%2Fwp%2Fv2%2Fmedia&parent=106"}],"curies":[{"name":"wp","href":"https:\/\/api.w.org\/{rel}","templated":true}]}}