{"id":116,"date":"2020-10-12T16:19:06","date_gmt":"2020-10-12T16:19:06","guid":{"rendered":"https:\/\/vs-nussdorfamattersee.at\/?page_id=116"},"modified":"2025-12-10T06:58:28","modified_gmt":"2025-12-10T06:58:28","slug":"elternverein","status":"publish","type":"page","link":"https:\/\/vs-nussdorfamattersee.at\/?page_id=116","title":{"rendered":"Elternverein"},"content":{"rendered":"\n<p>Liebe Eltern, liebe Erziehungsberechtigte!<\/p>\n\n\n\n<p>Herzlich willkommen an der Volksschule Nu\u00dfdorf am Attersee.<br>Wir freuen uns Sie im Namen des Elternvereines im neuen Schuljahr 2025\/26 begr\u00fc\u00dfen zu d\u00fcrfen.<\/p>\n\n\n\n<p>An der Volksschule Nu\u00dfdorf besteht seit vielen Jahren ein aktiver Elternverein, der die Schule in vielen Belangen unterst\u00fctzt.<br>Der Elternverein ist um eine gute Zusammenarbeit zwischen Eltern, Sch\u00fclern und Lehrern bem\u00fcht. Aufgrund der Mithilfe vieler engagierter Eltern, konnten wir in den vergangenen Jahren bereits viele Projekte umsetzten.<\/p>\n\n\n\n<p>Daf\u00fcr m\u00f6chten wir uns ganz herzlich bedanken!<\/p>\n\n\n\n<p><strong>Finanziell bzw. materiell unterst\u00fctzt wurden in den letzten Schuljahren unter anderem:<\/strong><\/p>\n\n\n\n<ul>\n<li>Gesunde Jausen: 1x pro Monat bereiten 3-4 Eltern die gesunde Jause vor<\/li>\n\n\n\n<li>Busfahrten<\/li>\n\n\n\n<li>Wandertage<\/li>\n\n\n\n<li>Nikolausfeier mit Nikolaussackerl<\/li>\n\n\n\n<li>Adventkr\u00e4nze binden<\/li>\n\n\n\n<li>Verpflegung bei Wandertagen\/Skitag\/Weihnachtsfeier<\/li>\n\n\n\n<li>Fastenbeugerl nach dem Ostergottesdienst<\/li>\n\n\n\n<li>div. Kursangebote: Tennis, Schwimmen, Golf<\/li>\n\n\n\n<li>Trommelworkshop<\/li>\n\n\n\n<li>Schulschlussfest<\/li>\n\n\n\n<li>Erlebnistage<\/li>\n<\/ul>\n\n\n\n<p><strong>Wie finanzieren wir das?<\/strong><br>Mit dem EV-Mitgliedsbeitrag (derzeit \u20ac 18\/Familie). Dies ist ein freiwilliger Beitrag, welcher aber f\u00fcr unsere Aktivit\u00e4ten und Unterst\u00fctzungen sehr wichtig ist!<\/p>\n\n\n\n<p>Durch Spenden konnte der Elternverein im letzten Schuljahr erneut einen deutlich h\u00f6heren Betrag als den tats\u00e4chlichen Mitgliedsbeitrag pro Kind zur Verf\u00fcgung stellen.<\/p>\n\n\n\n<p>Bei unserer j\u00e4hrlichen Hauptversammlung wurde der Vorstand des Elternvereines neu gew\u00e4hlt. <br><strong>Folgende Personen sind in den kommenden zwei Schuljahren nun im Vorstand aktiv:<\/strong><\/p>\n\n\n<div class=\"wp-block-image\">\n<figure class=\"aligncenter size-large is-resized\"><img loading=\"lazy\" decoding=\"async\" width=\"1024\" height=\"768\" src=\"https:\/\/vs-nussdorfamattersee.at\/wp-content\/uploads\/2024\/11\/Gruppenfoto-Elternverein_09102024-1024x768.jpg\" alt=\"\" class=\"wp-image-807\" style=\"width:557px;height:auto\" srcset=\"https:\/\/vs-nussdorfamattersee.at\/wp-content\/uploads\/2024\/11\/Gruppenfoto-Elternverein_09102024-1024x768.jpg 1024w, https:\/\/vs-nussdorfamattersee.at\/wp-content\/uploads\/2024\/11\/Gruppenfoto-Elternverein_09102024-300x225.jpg 300w, https:\/\/vs-nussdorfamattersee.at\/wp-content\/uploads\/2024\/11\/Gruppenfoto-Elternverein_09102024-768x576.jpg 768w, https:\/\/vs-nussdorfamattersee.at\/wp-content\/uploads\/2024\/11\/Gruppenfoto-Elternverein_09102024-1536x1152.jpg 1536w, https:\/\/vs-nussdorfamattersee.at\/wp-content\/uploads\/2024\/11\/Gruppenfoto-Elternverein_09102024-2048x1536.jpg 2048w\" sizes=\"(max-width: 1024px) 100vw, 1024px\" \/><\/figure><\/div>\n\n\n<p><strong>Obfrau:<\/strong> Michaela Schmitzberger<\/p>\n\n\n\n<p><strong>Obfrau Stv.:<\/strong> Eva Ornetzeder<\/p>\n\n\n\n<p><strong>Kassier:<\/strong> Andreas Moser<\/p>\n\n\n\n<p><strong>Kassier Stv.: <\/strong>Carina Eicher<\/p>\n\n\n\n<p><strong>Schriftf\u00fchrerin:<\/strong> Julia Pos<\/p>\n\n\n\n<p><strong>Schriftf\u00fchrerin Stv.: <\/strong>Birgit Haberl<\/p>\n","protected":false},"excerpt":{"rendered":"<p>Liebe Eltern, liebe Erziehungsberechtigte! Herzlich willkommen an der Volksschule Nu\u00dfdorf am Attersee.Wir freuen uns Sie im Namen des Elternvereines im &hellip; <\/p>\n","protected":false},"author":1,"featured_media":0,"parent":0,"menu_order":0,"comment_status":"closed","ping_status":"closed","template":"","meta":{"footnotes":""},"_links":{"self":[{"href":"https:\/\/vs-nussdorfamattersee.at\/index.php?rest_route=\/wp\/v2\/pages\/116"}],"collection":[{"href":"https:\/\/vs-nussdorfamattersee.at\/index.php?rest_route=\/wp\/v2\/pages"}],"about":[{"href":"https:\/\/vs-nussdorfamattersee.at\/index.php?rest_route=\/wp\/v2\/types\/page"}],"author":[{"embeddable":true,"href":"https:\/\/vs-nussdorfamattersee.at\/index.php?rest_route=\/wp\/v2\/users\/1"}],"replies":[{"embeddable":true,"href":"https:\/\/vs-nussdorfamattersee.at\/index.php?rest_route=%2Fwp%2Fv2%2Fcomments&post=116"}],"version-history":[{"count":3,"href":"https:\/\/vs-nussdorfamattersee.at\/index.php?rest_route=\/wp\/v2\/pages\/116\/revisions"}],"predecessor-version":[{"id":910,"href":"https:\/\/vs-nussdorfamattersee.at\/index.php?rest_route=\/wp\/v2\/pages\/116\/revisions\/910"}],"wp:attachment":[{"href":"https:\/\/vs-nussdorfamattersee.at\/index.php?rest_route=%2Fwp%2Fv2%2Fmedia&parent=116"}],"curies":[{"name":"wp","href":"https:\/\/api.w.org\/{rel}","templated":true}]}}