{"id":131,"date":"2020-10-12T16:25:03","date_gmt":"2020-10-12T16:25:03","guid":{"rendered":"https:\/\/vs-nussdorfamattersee.at\/?page_id=131"},"modified":"2025-06-13T10:25:11","modified_gmt":"2025-06-13T10:25:11","slug":"team","status":"publish","type":"page","link":"https:\/\/vs-nussdorfamattersee.at\/?page_id=131","title":{"rendered":"Team"},"content":{"rendered":"\n<h4 class=\"wp-block-heading\"><mark style=\"background-color:rgba(0, 0, 0, 0);color:#7bcb30\" class=\"has-inline-color\">B\u00f6ck Martina &#8211; Schulleitung<\/mark><\/h4>\n\n\n\n<figure class=\"wp-block-image is-resized\"><img loading=\"lazy\" decoding=\"async\" width=\"1543\" height=\"2102\" src=\"https:\/\/vs-nussdorfamattersee.at\/wp-content\/uploads\/2020\/12\/Boeck-edited.jpg\" alt=\"\" class=\"wp-image-314\" style=\"width:123px;height:auto\" srcset=\"https:\/\/vs-nussdorfamattersee.at\/wp-content\/uploads\/2020\/12\/Boeck-edited.jpg 1543w, https:\/\/vs-nussdorfamattersee.at\/wp-content\/uploads\/2020\/12\/Boeck-edited-220x300.jpg 220w, https:\/\/vs-nussdorfamattersee.at\/wp-content\/uploads\/2020\/12\/Boeck-edited-752x1024.jpg 752w, https:\/\/vs-nussdorfamattersee.at\/wp-content\/uploads\/2020\/12\/Boeck-edited-768x1046.jpg 768w, https:\/\/vs-nussdorfamattersee.at\/wp-content\/uploads\/2020\/12\/Boeck-edited-1128x1536.jpg 1128w, https:\/\/vs-nussdorfamattersee.at\/wp-content\/uploads\/2020\/12\/Boeck-edited-1503x2048.jpg 1503w\" sizes=\"(max-width: 1543px) 100vw, 1543px\" \/><\/figure>\n\n\n\n<hr class=\"wp-block-separator has-css-opacity is-style-wide\"\/>\n\n\n\n<h4 class=\"wp-block-heading\"><mark style=\"background-color:rgba(0, 0, 0, 0);color:#7bcb30\" class=\"has-inline-color\"><\/mark><\/h4>\n\n\n\n<h4 class=\"wp-block-heading\"><mark style=\"background-color:rgba(0, 0, 0, 0);color:#7bcb30\" class=\"has-inline-color\">Herzog Nadine &#8211; in Karenz<\/mark><\/h4>\n\n\n\n<figure class=\"wp-block-image size-large is-resized\"><img loading=\"lazy\" decoding=\"async\" width=\"753\" height=\"1024\" src=\"https:\/\/vs-nussdorfamattersee.at\/wp-content\/uploads\/2020\/12\/kraetschmer-753x1024.jpg\" alt=\"\" class=\"wp-image-312\" style=\"width:120px;height:164px\" srcset=\"https:\/\/vs-nussdorfamattersee.at\/wp-content\/uploads\/2020\/12\/kraetschmer-753x1024.jpg 753w, https:\/\/vs-nussdorfamattersee.at\/wp-content\/uploads\/2020\/12\/kraetschmer-221x300.jpg 221w, https:\/\/vs-nussdorfamattersee.at\/wp-content\/uploads\/2020\/12\/kraetschmer-768x1045.jpg 768w, https:\/\/vs-nussdorfamattersee.at\/wp-content\/uploads\/2020\/12\/kraetschmer-1129x1536.jpg 1129w, https:\/\/vs-nussdorfamattersee.at\/wp-content\/uploads\/2020\/12\/kraetschmer-1505x2048.jpg 1505w, https:\/\/vs-nussdorfamattersee.at\/wp-content\/uploads\/2020\/12\/kraetschmer.jpg 1545w\" sizes=\"(max-width: 753px) 100vw, 753px\" \/><\/figure>\n\n\n\n<hr class=\"wp-block-separator has-css-opacity is-style-wide\"\/>\n\n\n\n<h4 class=\"wp-block-heading\"><mark style=\"background-color:rgba(0, 0, 0, 0);color:#7bcb30\" class=\"has-inline-color\">Kumpfm\u00fcller Hanna<\/mark><\/h4>\n\n\n\n<figure class=\"wp-block-image size-large is-resized\"><img loading=\"lazy\" decoding=\"async\" width=\"684\" height=\"1024\" src=\"https:\/\/vs-nussdorfamattersee.at\/wp-content\/uploads\/2025\/05\/Le-2-684x1024.jpg\" alt=\"\" class=\"wp-image-881\" style=\"width:123px;height:auto\" srcset=\"https:\/\/vs-nussdorfamattersee.at\/wp-content\/uploads\/2025\/05\/Le-2-684x1024.jpg 684w, https:\/\/vs-nussdorfamattersee.at\/wp-content\/uploads\/2025\/05\/Le-2-200x300.jpg 200w, https:\/\/vs-nussdorfamattersee.at\/wp-content\/uploads\/2025\/05\/Le-2-768x1151.jpg 768w, https:\/\/vs-nussdorfamattersee.at\/wp-content\/uploads\/2025\/05\/Le-2-1025x1536.jpg 1025w, https:\/\/vs-nussdorfamattersee.at\/wp-content\/uploads\/2025\/05\/Le-2-1367x2048.jpg 1367w, https:\/\/vs-nussdorfamattersee.at\/wp-content\/uploads\/2025\/05\/Le-2-scaled.jpg 1709w\" sizes=\"(max-width: 684px) 100vw, 684px\" \/><\/figure>\n\n\n\n<hr class=\"wp-block-separator has-css-opacity is-style-wide\"\/>\n\n\n\n<h4 class=\"wp-block-heading\"><mark style=\"background-color:rgba(0, 0, 0, 0);color:#7bcb30\" class=\"has-inline-color\">Pohn Julia<\/mark><\/h4>\n\n\n\n<hr class=\"wp-block-separator has-css-opacity is-style-wide\"\/>\n\n\n\n<h4 class=\"wp-block-heading\"><\/h4>\n\n\n\n<h4 class=\"wp-block-heading\"><mark style=\"background-color:rgba(0, 0, 0, 0);color:#7bcb30\" class=\"has-inline-color\">Pagitsch Sieglinde<\/mark><\/h4>\n\n\n\n<figure class=\"wp-block-image size-large is-resized\"><img loading=\"lazy\" decoding=\"async\" width=\"753\" height=\"1024\" src=\"https:\/\/vs-nussdorfamattersee.at\/wp-content\/uploads\/2020\/12\/pagitsch-753x1024.jpg\" alt=\"\" class=\"wp-image-313\" style=\"width:121px;height:163px\" srcset=\"https:\/\/vs-nussdorfamattersee.at\/wp-content\/uploads\/2020\/12\/pagitsch-753x1024.jpg 753w, https:\/\/vs-nussdorfamattersee.at\/wp-content\/uploads\/2020\/12\/pagitsch-221x300.jpg 221w, https:\/\/vs-nussdorfamattersee.at\/wp-content\/uploads\/2020\/12\/pagitsch-768x1045.jpg 768w, https:\/\/vs-nussdorfamattersee.at\/wp-content\/uploads\/2020\/12\/pagitsch-1129x1536.jpg 1129w, https:\/\/vs-nussdorfamattersee.at\/wp-content\/uploads\/2020\/12\/pagitsch-1505x2048.jpg 1505w, https:\/\/vs-nussdorfamattersee.at\/wp-content\/uploads\/2020\/12\/pagitsch.jpg 1545w\" sizes=\"(max-width: 753px) 100vw, 753px\" \/><\/figure>\n\n\n\n<hr class=\"wp-block-separator has-css-opacity is-style-wide\"\/>\n\n\n\n<h4 class=\"wp-block-heading\"><mark style=\"background-color:rgba(0, 0, 0, 0);color:#7bcb30\" class=\"has-inline-color\"><\/mark><mark style=\"background-color:rgba(0, 0, 0, 0);color:#7bcb30\" class=\"has-inline-color\">Schneewei\u00df Marlene<\/mark><\/h4>\n\n\n\n<figure class=\"wp-block-image size-large is-resized\"><img loading=\"lazy\" decoding=\"async\" width=\"684\" height=\"1024\" src=\"https:\/\/vs-nussdorfamattersee.at\/wp-content\/uploads\/2024\/03\/xLe-5-684x1024.jpg\" alt=\"\" class=\"wp-image-748\" style=\"aspect-ratio:0.6675052410901468;width:121px;height:auto\" srcset=\"https:\/\/vs-nussdorfamattersee.at\/wp-content\/uploads\/2024\/03\/xLe-5-684x1024.jpg 684w, https:\/\/vs-nussdorfamattersee.at\/wp-content\/uploads\/2024\/03\/xLe-5-200x300.jpg 200w, https:\/\/vs-nussdorfamattersee.at\/wp-content\/uploads\/2024\/03\/xLe-5-768x1151.jpg 768w, https:\/\/vs-nussdorfamattersee.at\/wp-content\/uploads\/2024\/03\/xLe-5-1025x1536.jpg 1025w, https:\/\/vs-nussdorfamattersee.at\/wp-content\/uploads\/2024\/03\/xLe-5-1367x2048.jpg 1367w, https:\/\/vs-nussdorfamattersee.at\/wp-content\/uploads\/2024\/03\/xLe-5-scaled.jpg 1709w\" sizes=\"(max-width: 684px) 100vw, 684px\" \/><\/figure>\n","protected":false},"excerpt":{"rendered":"<p>B\u00f6ck Martina &#8211; Schulleitung Herzog Nadine &#8211; in Karenz Kumpfm\u00fcller Hanna Pohn Julia Pagitsch Sieglinde Schneewei\u00df Marlene<\/p>\n","protected":false},"author":1,"featured_media":0,"parent":0,"menu_order":0,"comment_status":"closed","ping_status":"closed","template":"","meta":{"footnotes":""},"_links":{"self":[{"href":"https:\/\/vs-nussdorfamattersee.at\/index.php?rest_route=\/wp\/v2\/pages\/131"}],"collection":[{"href":"https:\/\/vs-nussdorfamattersee.at\/index.php?rest_route=\/wp\/v2\/pages"}],"about":[{"href":"https:\/\/vs-nussdorfamattersee.at\/index.php?rest_route=\/wp\/v2\/types\/page"}],"author":[{"embeddable":true,"href":"https:\/\/vs-nussdorfamattersee.at\/index.php?rest_route=\/wp\/v2\/users\/1"}],"replies":[{"embeddable":true,"href":"https:\/\/vs-nussdorfamattersee.at\/index.php?rest_route=%2Fwp%2Fv2%2Fcomments&post=131"}],"version-history":[{"count":21,"href":"https:\/\/vs-nussdorfamattersee.at\/index.php?rest_route=\/wp\/v2\/pages\/131\/revisions"}],"predecessor-version":[{"id":891,"href":"https:\/\/vs-nussdorfamattersee.at\/index.php?rest_route=\/wp\/v2\/pages\/131\/revisions\/891"}],"wp:attachment":[{"href":"https:\/\/vs-nussdorfamattersee.at\/index.php?rest_route=%2Fwp%2Fv2%2Fmedia&parent=131"}],"curies":[{"name":"wp","href":"https:\/\/api.w.org\/{rel}","templated":true}]}}