{"id":133,"date":"2020-10-12T16:25:19","date_gmt":"2020-10-12T16:25:19","guid":{"rendered":"https:\/\/vs-nussdorfamattersee.at\/?page_id=133"},"modified":"2021-01-18T08:53:19","modified_gmt":"2021-01-18T08:53:19","slug":"leitbild","status":"publish","type":"page","link":"https:\/\/vs-nussdorfamattersee.at\/?page_id=133","title":{"rendered":"Leitbild"},"content":{"rendered":"\n<div class=\"wp-block-group is-layout-flow wp-block-group-is-layout-flow\"><div class=\"wp-block-group__inner-container\"><\/div><\/div>\n\n\n\n<h3 class=\"has-text-align-center wp-block-heading\"><strong><span style=\"color:#7bcb30\" class=\"has-inline-color\">Wer sich mit anderen zusammentut, kann alles erreichen!<\/span><\/strong><\/h3>\n\n\n\n<p>Gemeinsam wollen wir Gro\u00dfes erreichen. Die Zusammenarbeit mit den Sch\u00fclern und Sch\u00fclerinnen und deren Eltern ist uns ein gro\u00dfes Anliegen beim Erreichen unserer Ziele.<\/p>\n\n\n\n<p>Bedeutend ist f\u00fcr uns ein Bewusstsein f\u00fcr das respektvolle Verhalten im Umgang mit der Natur, mit sich selbst und den Mitmenschen zu schaffen. Durch wertsch\u00e4tzende Begegnungen wird es den Kindern erm\u00f6glicht, mit Mut und Selbstbewusstsein an neue Aufgaben haranzugehen und ihren weiteren Lebensweg gut zu meistern.<\/p>\n\n\n\n<p><strong>Folgende Leitziele werden an unserer Schule gelebt:<\/strong><br><br>&#8211; Respektvoller und wertsch\u00e4tzender Umgang miteinander<br>&#8211; Toleranz und Hilfsbereitschaft<br>&#8211; Nachhaltige Lebensweise &#8211; Sensibilisierung der Sch\u00fcler und Sch\u00fclerinnen f\u00fcr die Umwelt<br>&#8211;  Schulstufen\u00fcbergreifende Projekte<br>&#8211; F\u00f6rderung der Selbstorganisation<br>&#8211; Bewegte Pause im Freien<br>&#8211; Vielf\u00e4ltigkeit der Unterrichtsmethoden<br>&#8211; stetige Weiterenwicklung unserer Schule<\/p>\n","protected":false},"excerpt":{"rendered":"<p>Wer sich mit anderen zusammentut, kann alles erreichen! Gemeinsam wollen wir Gro\u00dfes erreichen. Die Zusammenarbeit mit den Sch\u00fclern und Sch\u00fclerinnen &hellip; <\/p>\n","protected":false},"author":1,"featured_media":0,"parent":0,"menu_order":0,"comment_status":"closed","ping_status":"closed","template":"","meta":{"footnotes":""},"_links":{"self":[{"href":"https:\/\/vs-nussdorfamattersee.at\/index.php?rest_route=\/wp\/v2\/pages\/133"}],"collection":[{"href":"https:\/\/vs-nussdorfamattersee.at\/index.php?rest_route=\/wp\/v2\/pages"}],"about":[{"href":"https:\/\/vs-nussdorfamattersee.at\/index.php?rest_route=\/wp\/v2\/types\/page"}],"author":[{"embeddable":true,"href":"https:\/\/vs-nussdorfamattersee.at\/index.php?rest_route=\/wp\/v2\/users\/1"}],"replies":[{"embeddable":true,"href":"https:\/\/vs-nussdorfamattersee.at\/index.php?rest_route=%2Fwp%2Fv2%2Fcomments&post=133"}],"version-history":[{"count":8,"href":"https:\/\/vs-nussdorfamattersee.at\/index.php?rest_route=\/wp\/v2\/pages\/133\/revisions"}],"predecessor-version":[{"id":341,"href":"https:\/\/vs-nussdorfamattersee.at\/index.php?rest_route=\/wp\/v2\/pages\/133\/revisions\/341"}],"wp:attachment":[{"href":"https:\/\/vs-nussdorfamattersee.at\/index.php?rest_route=%2Fwp%2Fv2%2Fmedia&parent=133"}],"curies":[{"name":"wp","href":"https:\/\/api.w.org\/{rel}","templated":true}]}}