{"id":55,"date":"2020-10-11T17:47:01","date_gmt":"2020-10-11T17:47:01","guid":{"rendered":"https:\/\/vs-nussdorfamattersee.at\/?page_id=55"},"modified":"2020-10-30T13:06:01","modified_gmt":"2020-10-30T13:06:01","slug":"kontakt","status":"publish","type":"page","link":"https:\/\/vs-nussdorfamattersee.at\/?page_id=55","title":{"rendered":"Kontakt"},"content":{"rendered":"\n<p>VS Nu\u00dfdorf am Attersee<br>Dorfstra\u00dfe 61<br>4865 Nu\u00dfdorf am Attersee<\/p>\n\n\n\n<p>07666 \/ 8027<br>s417241@schule-ooe.at<\/p>\n\n\n\n<hr class=\"wp-block-separator is-style-wide\"\/>\n\n\n\n<h1 class=\"wp-block-heading\"><strong>Standort<\/strong><\/h1>\n\n\n\n<iframe loading=\"lazy\" src=\"https:\/\/www.google.com\/maps\/embed?pb=!1m18!1m12!1m3!1d3275.308524712107!2d13.523013825579934!3d47.88241954701858!2m3!1f0!2f0!3f0!3m2!1i1024!2i768!4f13.1!3m3!1m2!1s0x4776a9aa465097d5%3A0x9361b7ad4a03db04!2sVolksschule!5e0!3m2!1sde!2sat!4v1604062631108!5m2!1sde!2sat\" width=\"600\" height=\"450\" frameborder=\"0\" style=\"border:0;\" allowfullscreen=\"\" aria-hidden=\"false\" tabindex=\"0\"><\/iframe>\n","protected":false},"excerpt":{"rendered":"<p>VS Nu\u00dfdorf am AtterseeDorfstra\u00dfe 614865 Nu\u00dfdorf am Attersee 07666 \/ 8027s417241@schule-ooe.at Standort<\/p>\n","protected":false},"author":1,"featured_media":0,"parent":0,"menu_order":0,"comment_status":"closed","ping_status":"closed","template":"","meta":{"footnotes":""},"_links":{"self":[{"href":"https:\/\/vs-nussdorfamattersee.at\/index.php?rest_route=\/wp\/v2\/pages\/55"}],"collection":[{"href":"https:\/\/vs-nussdorfamattersee.at\/index.php?rest_route=\/wp\/v2\/pages"}],"about":[{"href":"https:\/\/vs-nussdorfamattersee.at\/index.php?rest_route=\/wp\/v2\/types\/page"}],"author":[{"embeddable":true,"href":"https:\/\/vs-nussdorfamattersee.at\/index.php?rest_route=\/wp\/v2\/users\/1"}],"replies":[{"embeddable":true,"href":"https:\/\/vs-nussdorfamattersee.at\/index.php?rest_route=%2Fwp%2Fv2%2Fcomments&post=55"}],"version-history":[{"count":6,"href":"https:\/\/vs-nussdorfamattersee.at\/index.php?rest_route=\/wp\/v2\/pages\/55\/revisions"}],"predecessor-version":[{"id":185,"href":"https:\/\/vs-nussdorfamattersee.at\/index.php?rest_route=\/wp\/v2\/pages\/55\/revisions\/185"}],"wp:attachment":[{"href":"https:\/\/vs-nussdorfamattersee.at\/index.php?rest_route=%2Fwp%2Fv2%2Fmedia&parent=55"}],"curies":[{"name":"wp","href":"https:\/\/api.w.org\/{rel}","templated":true}]}}